{"id":22152,"date":"2024-07-26T07:45:17","date_gmt":"2024-07-26T14:45:17","guid":{"rendered":"https:\/\/interfashionstyle.com\/?post_type=product&#038;p=22152"},"modified":"2024-07-26T07:45:19","modified_gmt":"2024-07-26T14:45:19","slug":"pantalon-doble-pretina","status":"publish","type":"product","link":"https:\/\/interfashionstyle.com\/en\/product\/pantalon-doble-pretina\/","title":{"rendered":"Pantalon Doble Pretina"},"content":{"rendered":"<p>\ud83d\udc56\u2728 \u00a1Nuevo Pantal\u00f3n Doble Pretina! \u2728\ud83d\udc56<\/p>\n<p>Luce fabulosa y c\u00f3moda con nuestro Pantal\u00f3n Doble Pretina, disponible en tallas Small, Medium y Large por solo $59.99. Perfecto para cualquier ocasi\u00f3n y dise\u00f1ado para resaltar tu figura. \ud83c\udf1f<\/p>\n<p>&nbsp;<\/p>","protected":false},"excerpt":{"rendered":"<p>\ud83d\udc56\u2728 \u00a1Nuevo Pantal\u00f3n Doble Pretina! \u2728\ud83d\udc56 Luce fabulosa y c\u00f3moda con nuestro Pantal\u00f3n Doble Pretina, disponible en tallas Small, Medium y Large por solo $59.99. Perfecto para cualquier ocasi\u00f3n y dise\u00f1ado para resaltar tu figura. \ud83c\udf1f &nbsp;<\/p>","protected":false},"featured_media":22153,"template":"","meta":{"iawp_total_views":39},"product_brand":[],"product_cat":[155],"product_tag":[],"class_list":{"0":"post-22152","1":"product","2":"type-product","3":"status-publish","4":"has-post-thumbnail","6":"product_cat-pantalones","8":"first","9":"instock","10":"shipping-taxable","11":"purchasable","12":"product-type-simple"},"_links":{"self":[{"href":"https:\/\/interfashionstyle.com\/en\/wp-json\/wp\/v2\/product\/22152","targetHints":{"allow":["GET"]}}],"collection":[{"href":"https:\/\/interfashionstyle.com\/en\/wp-json\/wp\/v2\/product"}],"about":[{"href":"https:\/\/interfashionstyle.com\/en\/wp-json\/wp\/v2\/types\/product"}],"version-history":[{"count":1,"href":"https:\/\/interfashionstyle.com\/en\/wp-json\/wp\/v2\/product\/22152\/revisions"}],"predecessor-version":[{"id":22156,"href":"https:\/\/interfashionstyle.com\/en\/wp-json\/wp\/v2\/product\/22152\/revisions\/22156"}],"wp:featuredmedia":[{"embeddable":true,"href":"https:\/\/interfashionstyle.com\/en\/wp-json\/wp\/v2\/media\/22153"}],"wp:attachment":[{"href":"https:\/\/interfashionstyle.com\/en\/wp-json\/wp\/v2\/media?parent=22152"}],"wp:term":[{"taxonomy":"product_brand","embeddable":true,"href":"https:\/\/interfashionstyle.com\/en\/wp-json\/wp\/v2\/product_brand?post=22152"},{"taxonomy":"product_cat","embeddable":true,"href":"https:\/\/interfashionstyle.com\/en\/wp-json\/wp\/v2\/product_cat?post=22152"},{"taxonomy":"product_tag","embeddable":true,"href":"https:\/\/interfashionstyle.com\/en\/wp-json\/wp\/v2\/product_tag?post=22152"}],"curies":[{"name":"wp","href":"https:\/\/api.w.org\/{rel}","templated":true}]}}