{"id":22158,"date":"2024-07-27T19:17:49","date_gmt":"2024-07-28T02:17:49","guid":{"rendered":"https:\/\/interfashionstyle.com\/?post_type=product&#038;p=22158"},"modified":"2024-07-27T19:17:51","modified_gmt":"2024-07-28T02:17:51","slug":"pantalon-con-contraste-de-rayas","status":"publish","type":"product","link":"https:\/\/interfashionstyle.com\/en\/product\/pantalon-con-contraste-de-rayas\/","title":{"rendered":"Pantal\u00f3n con contraste de rayas"},"content":{"rendered":"<p>Luce fabulosa y c\u00f3moda con nuestro Pantal\u00f3n con contraste de rayas, disponible en tallas Small, Medium y Large por solo $68.99.<\/p>","protected":false},"excerpt":{"rendered":"<p>Luce fabulosa y c\u00f3moda con nuestro Pantal\u00f3n con contraste de rayas, disponible en tallas Small, Medium y Large por solo $68.99.<\/p>","protected":false},"featured_media":22159,"template":"","meta":{"iawp_total_views":15},"product_brand":[],"product_cat":[155],"product_tag":[],"class_list":{"0":"post-22158","1":"product","2":"type-product","3":"status-publish","4":"has-post-thumbnail","6":"product_cat-pantalones","8":"first","9":"instock","10":"shipping-taxable","11":"purchasable","12":"product-type-simple"},"_links":{"self":[{"href":"https:\/\/interfashionstyle.com\/en\/wp-json\/wp\/v2\/product\/22158","targetHints":{"allow":["GET"]}}],"collection":[{"href":"https:\/\/interfashionstyle.com\/en\/wp-json\/wp\/v2\/product"}],"about":[{"href":"https:\/\/interfashionstyle.com\/en\/wp-json\/wp\/v2\/types\/product"}],"version-history":[{"count":2,"href":"https:\/\/interfashionstyle.com\/en\/wp-json\/wp\/v2\/product\/22158\/revisions"}],"predecessor-version":[{"id":22163,"href":"https:\/\/interfashionstyle.com\/en\/wp-json\/wp\/v2\/product\/22158\/revisions\/22163"}],"wp:featuredmedia":[{"embeddable":true,"href":"https:\/\/interfashionstyle.com\/en\/wp-json\/wp\/v2\/media\/22159"}],"wp:attachment":[{"href":"https:\/\/interfashionstyle.com\/en\/wp-json\/wp\/v2\/media?parent=22158"}],"wp:term":[{"taxonomy":"product_brand","embeddable":true,"href":"https:\/\/interfashionstyle.com\/en\/wp-json\/wp\/v2\/product_brand?post=22158"},{"taxonomy":"product_cat","embeddable":true,"href":"https:\/\/interfashionstyle.com\/en\/wp-json\/wp\/v2\/product_cat?post=22158"},{"taxonomy":"product_tag","embeddable":true,"href":"https:\/\/interfashionstyle.com\/en\/wp-json\/wp\/v2\/product_tag?post=22158"}],"curies":[{"name":"wp","href":"https:\/\/api.w.org\/{rel}","templated":true}]}}